{"id":3068,"date":"2024-01-11T11:00:34","date_gmt":"2024-01-11T05:30:34","guid":{"rendered":"https:\/\/bentocase.tanshcreative.com\/?page_id=3068"},"modified":"2024-01-28T18:36:28","modified_gmt":"2024-01-28T18:36:28","slug":"masonry-3-column","status":"publish","type":"page","link":"https:\/\/aytug.co\/index.php\/masonry-3-column\/","title":{"rendered":"Masonry 3 Column"},"content":{"rendered":"\t\t<div data-elementor-type=\"wp-page\" data-elementor-id=\"3068\" class=\"elementor elementor-3068\">\n\t\t\t\t<div class=\"elementor-element elementor-element-0137d56 e-con-full e-flex e-con e-parent\" data-id=\"0137d56\" data-element_type=\"container\" data-settings=\"{&quot;content_width&quot;:&quot;full&quot;}\" data-core-v316-plus=\"true\">\n\t\t<div class=\"elementor-element elementor-element-b423d65 e-flex e-con-boxed e-con e-child\" data-id=\"b423d65\" data-element_type=\"container\" data-settings=\"{&quot;content_width&quot;:&quot;boxed&quot;}\">\n\t\t\t\t\t<div class=\"e-con-inner\">\n\t\t\t\t<div class=\"elementor-element elementor-element-3a90cde elementor-widget elementor-widget-dtr-grid-portfolio\" data-id=\"3a90cde\" data-element_type=\"widget\" data-widget_type=\"dtr-grid-portfolio.default\">\n\t\t\t\t<div class=\"elementor-widget-container\">\n\t\t\t<div class=\"dtr-filter-nav-wrapper\"><ul class=\"dtr-filter-nav clearfix\"><li><a class=\"dtr-filter-all active\" data-filter=\"*\" href=\"#\"><\/a><\/li><li><a data-filter=\".brand\" href=\"#\">Brand<\/a><\/li><li><a data-filter=\".creative\" href=\"#\">Creative<\/a><\/li><li><a data-filter=\".digital\" href=\"#\">Digital<\/a><\/li><li><a data-filter=\".technical\" href=\"#\">Technical<\/a><\/li><\/ul><\/div><div class=\"dtr-portfolio-grid dtr-portfolio-masonry dtr-portfolio-grid-3col\"><div class=\"dtr-portfolio-item isotope-item brand digital technical  all\"><div class=\"dtr-portfolio-item__wrapper \"><a class=\"dtr-portfolio-item__wrap-link\" href=\"https:\/\/aytug.co\/index.php\/portfolio\/outtpost\/\" target=\"_blank\" aria-label=\"Outtpost\"><\/a><div class=\"dtr-portfolio-item__content\"><p class=\"dtr-portfolio-item__subheading\">Component interface design<\/p><h4 class=\"dtr-portfolio-item__heading\">Outtpost<\/h4><a class=\"dtr-icon-btn dtr-portfolio-item__link\" href=\"https:\/\/aytug.co\/index.php\/portfolio\/outtpost\/\" target=\"_blank\" aria-label=\"Outtpost\"><span class=\"dtr-icon-btn--icon-wrapper\"><span class=\"dtr-icon dtr-icon-btn--icon\"><i class=\"icon-arrow-up-right\"><\/i><\/span><span class=\"dtr-icon dtr-icon-btn--hover-icon\"><i class=\"icon-arrow-up-right\"><\/i><\/span><\/span><\/a><\/div><div class=\"dtr-portfolio-item__img\"><img fetchpriority=\"high\" decoding=\"async\" width=\"1400\" height=\"1400\" src=\"https:\/\/aytug.co\/wp-content\/uploads\/2024\/01\/folio-img6.jpg\" class=\"attachment-full size-full wp-post-image\" alt=\"\" \/><\/div><\/div><\/div><div class=\"dtr-portfolio-item isotope-item creative digital  all\"><div class=\"dtr-portfolio-item__wrapper \"><a class=\"dtr-portfolio-item__wrap-link\" href=\"https:\/\/aytug.co\/index.php\/portfolio\/heartboom\/\" target=\"_blank\" aria-label=\"HeartBoom\"><\/a><div class=\"dtr-portfolio-item__content\"><p class=\"dtr-portfolio-item__subheading\">Creative absolute mystic<\/p><h4 class=\"dtr-portfolio-item__heading\">HeartBoom<\/h4><a class=\"dtr-icon-btn dtr-portfolio-item__link\" href=\"https:\/\/aytug.co\/index.php\/portfolio\/heartboom\/\" target=\"_blank\" aria-label=\"HeartBoom\"><span class=\"dtr-icon-btn--icon-wrapper\"><span class=\"dtr-icon dtr-icon-btn--icon\"><i class=\"icon-arrow-up-right\"><\/i><\/span><span class=\"dtr-icon dtr-icon-btn--hover-icon\"><i class=\"icon-arrow-up-right\"><\/i><\/span><\/span><\/a><\/div><div class=\"dtr-portfolio-item__img\"><img decoding=\"async\" width=\"1400\" height=\"1400\" src=\"https:\/\/aytug.co\/wp-content\/uploads\/2024\/01\/folio-img7.jpg\" class=\"attachment-full size-full wp-post-image\" alt=\"\" \/><\/div><\/div><\/div><div class=\"dtr-portfolio-item isotope-item creative digital  all\"><div class=\"dtr-portfolio-item__wrapper \"><a class=\"dtr-portfolio-item__wrap-link\" href=\"https:\/\/aytug.co\/index.php\/portfolio\/obey-and-gross\/\" target=\"_blank\" aria-label=\"Obey and Gross\"><\/a><div class=\"dtr-portfolio-item__content\"><p class=\"dtr-portfolio-item__subheading\">Into the origin<\/p><h4 class=\"dtr-portfolio-item__heading\">Obey and Gross<\/h4><a class=\"dtr-icon-btn dtr-portfolio-item__link\" href=\"https:\/\/aytug.co\/index.php\/portfolio\/obey-and-gross\/\" target=\"_blank\" aria-label=\"Obey and Gross\"><span class=\"dtr-icon-btn--icon-wrapper\"><span class=\"dtr-icon dtr-icon-btn--icon\"><i class=\"icon-arrow-up-right\"><\/i><\/span><span class=\"dtr-icon dtr-icon-btn--hover-icon\"><i class=\"icon-arrow-up-right\"><\/i><\/span><\/span><\/a><\/div><div class=\"dtr-portfolio-item__img\"><img decoding=\"async\" width=\"1400\" height=\"1400\" src=\"https:\/\/aytug.co\/wp-content\/uploads\/2024\/01\/folio-img8.jpg\" class=\"attachment-full size-full wp-post-image\" alt=\"\" \/><\/div><\/div><\/div><div class=\"dtr-portfolio-item isotope-item brand creative digital technical  all\"><div class=\"dtr-portfolio-item__wrapper \"><a class=\"dtr-portfolio-item__wrap-link\" href=\"https:\/\/aytug.co\/index.php\/portfolio\/sixtyeditions\/\" target=\"_blank\" aria-label=\"SixtyEditions\"><\/a><div class=\"dtr-portfolio-item__content\"><p class=\"dtr-portfolio-item__subheading\">Technical voyage<\/p><h4 class=\"dtr-portfolio-item__heading\">SixtyEditions<\/h4><a class=\"dtr-icon-btn dtr-portfolio-item__link\" href=\"https:\/\/aytug.co\/index.php\/portfolio\/sixtyeditions\/\" target=\"_blank\" aria-label=\"SixtyEditions\"><span class=\"dtr-icon-btn--icon-wrapper\"><span class=\"dtr-icon dtr-icon-btn--icon\"><i class=\"icon-arrow-up-right\"><\/i><\/span><span class=\"dtr-icon dtr-icon-btn--hover-icon\"><i class=\"icon-arrow-up-right\"><\/i><\/span><\/span><\/a><\/div><div class=\"dtr-portfolio-item__img\"><img loading=\"lazy\" decoding=\"async\" width=\"1400\" height=\"1400\" src=\"https:\/\/aytug.co\/wp-content\/uploads\/2024\/01\/folio-img5.jpg\" class=\"attachment-full size-full wp-post-image\" alt=\"\" \/><\/div><\/div><\/div><div class=\"dtr-portfolio-item isotope-item creative digital  all\"><div class=\"dtr-portfolio-item__wrapper \"><a class=\"dtr-portfolio-item__wrap-link\" href=\"https:\/\/aytug.co\/index.php\/portfolio\/knownone\/\" target=\"_blank\" aria-label=\"KnownOne\"><\/a><div class=\"dtr-portfolio-item__content\"><p class=\"dtr-portfolio-item__subheading\">Hand of seeking<\/p><h4 class=\"dtr-portfolio-item__heading\">KnownOne<\/h4><a class=\"dtr-icon-btn dtr-portfolio-item__link\" href=\"https:\/\/aytug.co\/index.php\/portfolio\/knownone\/\" target=\"_blank\" aria-label=\"KnownOne\"><span class=\"dtr-icon-btn--icon-wrapper\"><span class=\"dtr-icon dtr-icon-btn--icon\"><i class=\"icon-arrow-up-right\"><\/i><\/span><span class=\"dtr-icon dtr-icon-btn--hover-icon\"><i class=\"icon-arrow-up-right\"><\/i><\/span><\/span><\/a><\/div><div class=\"dtr-portfolio-item__img\"><img loading=\"lazy\" decoding=\"async\" width=\"1400\" height=\"1400\" src=\"https:\/\/aytug.co\/wp-content\/uploads\/2024\/01\/folio-img2.jpg\" class=\"attachment-full size-full wp-post-image\" alt=\"\" \/><\/div><\/div><\/div><div class=\"dtr-portfolio-item isotope-item digital technical  all\"><div class=\"dtr-portfolio-item__wrapper \"><a class=\"dtr-portfolio-item__wrap-link\" href=\"https:\/\/aytug.co\/index.php\/portfolio\/xmodel\/\" target=\"_blank\" aria-label=\"XModel\"><\/a><div class=\"dtr-portfolio-item__content\"><p class=\"dtr-portfolio-item__subheading\">Multi dimension in 3D<\/p><h4 class=\"dtr-portfolio-item__heading\">XModel<\/h4><a class=\"dtr-icon-btn dtr-portfolio-item__link\" href=\"https:\/\/aytug.co\/index.php\/portfolio\/xmodel\/\" target=\"_blank\" aria-label=\"XModel\"><span class=\"dtr-icon-btn--icon-wrapper\"><span class=\"dtr-icon dtr-icon-btn--icon\"><i class=\"icon-arrow-up-right\"><\/i><\/span><span class=\"dtr-icon dtr-icon-btn--hover-icon\"><i class=\"icon-arrow-up-right\"><\/i><\/span><\/span><\/a><\/div><div class=\"dtr-portfolio-item__img\"><img loading=\"lazy\" decoding=\"async\" width=\"1400\" height=\"1400\" src=\"https:\/\/aytug.co\/wp-content\/uploads\/2024\/01\/folio-img1.jpg\" class=\"attachment-full size-full wp-post-image\" alt=\"\" \/><\/div><\/div><\/div><\/div>\t\t<\/div>\n\t\t\t\t<\/div>\n\t\t\t\t\t<\/div>\n\t\t\t\t<\/div>\n\t\t\t\t<\/div>\n\t\t\t\t<\/div>\n\t\t","protected":false},"excerpt":{"rendered":"<p>Brand Creative Digital Technical Component interface design Outtpost Creative absolute mystic HeartBoom Into the origin Obey and Gross Technical voyage SixtyEditions Hand of seeking KnownOne Multi dimension in 3D XModel<\/p>\n","protected":false},"author":1,"featured_media":0,"parent":0,"menu_order":0,"comment_status":"closed","ping_status":"closed","template":"","meta":{"footnotes":""},"class_list":["post-3068","page","type-page","status-publish","hentry"],"yoast_head":"<!-- This site is optimized with the Yoast SEO plugin v21.9.1 - https:\/\/yoast.com\/wordpress\/plugins\/seo\/ -->\n<title>Masonry 3 Column &#8226; Aytu\u011f \u00c7ak\u0131r<\/title>\n<meta name=\"robots\" content=\"index, follow, max-snippet:-1, max-image-preview:large, max-video-preview:-1\" \/>\n<link rel=\"canonical\" href=\"https:\/\/aytug.co\/index.php\/masonry-3-column\/\" \/>\n<meta property=\"og:locale\" content=\"tr_TR\" \/>\n<meta property=\"og:type\" content=\"article\" \/>\n<meta property=\"og:title\" content=\"Masonry 3 Column &#8226; Aytu\u011f \u00c7ak\u0131r\" \/>\n<meta property=\"og:description\" content=\"Brand Creative Digital Technical Component interface design Outtpost Creative absolute mystic HeartBoom Into the origin Obey and Gross Technical voyage SixtyEditions Hand of seeking KnownOne Multi dimension in 3D XModel\" \/>\n<meta property=\"og:url\" content=\"https:\/\/aytug.co\/index.php\/masonry-3-column\/\" \/>\n<meta property=\"og:site_name\" content=\"Aytu\u011f \u00c7ak\u0131r\" \/>\n<meta property=\"article:publisher\" content=\"https:\/\/facebook.com\/aytugc\" \/>\n<meta property=\"article:modified_time\" content=\"2024-01-28T18:36:28+00:00\" \/>\n<meta property=\"og:image\" content=\"https:\/\/aytug.co\/wp-content\/uploads\/2024\/01\/folio-img6.jpg\" \/>\n<meta name=\"twitter:card\" content=\"summary_large_image\" \/>\n<meta name=\"twitter:site\" content=\"@aytugcakir\" \/>\n<script type=\"application\/ld+json\" class=\"yoast-schema-graph\">{\"@context\":\"https:\/\/schema.org\",\"@graph\":[{\"@type\":\"WebPage\",\"@id\":\"https:\/\/aytug.co\/index.php\/masonry-3-column\/\",\"url\":\"https:\/\/aytug.co\/index.php\/masonry-3-column\/\",\"name\":\"Masonry 3 Column &#8226; Aytu\u011f \u00c7ak\u0131r\",\"isPartOf\":{\"@id\":\"https:\/\/aytug.co\/#website\"},\"datePublished\":\"2024-01-11T05:30:34+00:00\",\"dateModified\":\"2024-01-28T18:36:28+00:00\",\"breadcrumb\":{\"@id\":\"https:\/\/aytug.co\/index.php\/masonry-3-column\/#breadcrumb\"},\"inLanguage\":\"tr\",\"potentialAction\":[{\"@type\":\"ReadAction\",\"target\":[\"https:\/\/aytug.co\/index.php\/masonry-3-column\/\"]}]},{\"@type\":\"BreadcrumbList\",\"@id\":\"https:\/\/aytug.co\/index.php\/masonry-3-column\/#breadcrumb\",\"itemListElement\":[{\"@type\":\"ListItem\",\"position\":1,\"name\":\"Anasayfa\",\"item\":\"https:\/\/aytug.co\/\"},{\"@type\":\"ListItem\",\"position\":2,\"name\":\"Masonry 3 Column\"}]},{\"@type\":\"WebSite\",\"@id\":\"https:\/\/aytug.co\/#website\",\"url\":\"https:\/\/aytug.co\/\",\"name\":\"Aytu\u011f \u00c7ak\u0131r\",\"description\":\"AI Creator, Music Maker, Brand Manager, UI \/ UX Designer\",\"publisher\":{\"@id\":\"https:\/\/aytug.co\/#organization\"},\"potentialAction\":[{\"@type\":\"SearchAction\",\"target\":{\"@type\":\"EntryPoint\",\"urlTemplate\":\"https:\/\/aytug.co\/?s={search_term_string}\"},\"query-input\":\"required name=search_term_string\"}],\"inLanguage\":\"tr\"},{\"@type\":\"Organization\",\"@id\":\"https:\/\/aytug.co\/#organization\",\"name\":\"Digital Brand Manager, UI \/ UX Designer\",\"url\":\"https:\/\/aytug.co\/\",\"logo\":{\"@type\":\"ImageObject\",\"inLanguage\":\"tr\",\"@id\":\"https:\/\/aytug.co\/#\/schema\/logo\/image\/\",\"url\":\"https:\/\/aytug.co\/wp-content\/uploads\/2024\/01\/aytug.co_.png\",\"contentUrl\":\"https:\/\/aytug.co\/wp-content\/uploads\/2024\/01\/aytug.co_.png\",\"width\":514,\"height\":116,\"caption\":\"Digital Brand Manager, UI \/ UX Designer\"},\"image\":{\"@id\":\"https:\/\/aytug.co\/#\/schema\/logo\/image\/\"},\"sameAs\":[\"https:\/\/facebook.com\/aytugc\",\"https:\/\/twitter.com\/aytugcakir\",\"https:\/\/instagram.com\/aytugcakir\"]}]}<\/script>\n<!-- \/ Yoast SEO plugin. -->","yoast_head_json":{"title":"Masonry 3 Column &#8226; Aytu\u011f \u00c7ak\u0131r","robots":{"index":"index","follow":"follow","max-snippet":"max-snippet:-1","max-image-preview":"max-image-preview:large","max-video-preview":"max-video-preview:-1"},"canonical":"https:\/\/aytug.co\/index.php\/masonry-3-column\/","og_locale":"tr_TR","og_type":"article","og_title":"Masonry 3 Column &#8226; Aytu\u011f \u00c7ak\u0131r","og_description":"Brand Creative Digital Technical Component interface design Outtpost Creative absolute mystic HeartBoom Into the origin Obey and Gross Technical voyage SixtyEditions Hand of seeking KnownOne Multi dimension in 3D XModel","og_url":"https:\/\/aytug.co\/index.php\/masonry-3-column\/","og_site_name":"Aytu\u011f \u00c7ak\u0131r","article_publisher":"https:\/\/facebook.com\/aytugc","article_modified_time":"2024-01-28T18:36:28+00:00","og_image":[{"url":"https:\/\/aytug.co\/wp-content\/uploads\/2024\/01\/folio-img6.jpg"}],"twitter_card":"summary_large_image","twitter_site":"@aytugcakir","schema":{"@context":"https:\/\/schema.org","@graph":[{"@type":"WebPage","@id":"https:\/\/aytug.co\/index.php\/masonry-3-column\/","url":"https:\/\/aytug.co\/index.php\/masonry-3-column\/","name":"Masonry 3 Column &#8226; Aytu\u011f \u00c7ak\u0131r","isPartOf":{"@id":"https:\/\/aytug.co\/#website"},"datePublished":"2024-01-11T05:30:34+00:00","dateModified":"2024-01-28T18:36:28+00:00","breadcrumb":{"@id":"https:\/\/aytug.co\/index.php\/masonry-3-column\/#breadcrumb"},"inLanguage":"tr","potentialAction":[{"@type":"ReadAction","target":["https:\/\/aytug.co\/index.php\/masonry-3-column\/"]}]},{"@type":"BreadcrumbList","@id":"https:\/\/aytug.co\/index.php\/masonry-3-column\/#breadcrumb","itemListElement":[{"@type":"ListItem","position":1,"name":"Anasayfa","item":"https:\/\/aytug.co\/"},{"@type":"ListItem","position":2,"name":"Masonry 3 Column"}]},{"@type":"WebSite","@id":"https:\/\/aytug.co\/#website","url":"https:\/\/aytug.co\/","name":"Aytu\u011f \u00c7ak\u0131r","description":"AI Creator, Music Maker, Brand Manager, UI \/ UX Designer","publisher":{"@id":"https:\/\/aytug.co\/#organization"},"potentialAction":[{"@type":"SearchAction","target":{"@type":"EntryPoint","urlTemplate":"https:\/\/aytug.co\/?s={search_term_string}"},"query-input":"required name=search_term_string"}],"inLanguage":"tr"},{"@type":"Organization","@id":"https:\/\/aytug.co\/#organization","name":"Digital Brand Manager, UI \/ UX Designer","url":"https:\/\/aytug.co\/","logo":{"@type":"ImageObject","inLanguage":"tr","@id":"https:\/\/aytug.co\/#\/schema\/logo\/image\/","url":"https:\/\/aytug.co\/wp-content\/uploads\/2024\/01\/aytug.co_.png","contentUrl":"https:\/\/aytug.co\/wp-content\/uploads\/2024\/01\/aytug.co_.png","width":514,"height":116,"caption":"Digital Brand Manager, UI \/ UX Designer"},"image":{"@id":"https:\/\/aytug.co\/#\/schema\/logo\/image\/"},"sameAs":["https:\/\/facebook.com\/aytugc","https:\/\/twitter.com\/aytugcakir","https:\/\/instagram.com\/aytugcakir"]}]}},"_links":{"self":[{"href":"https:\/\/aytug.co\/index.php\/wp-json\/wp\/v2\/pages\/3068","targetHints":{"allow":["GET"]}}],"collection":[{"href":"https:\/\/aytug.co\/index.php\/wp-json\/wp\/v2\/pages"}],"about":[{"href":"https:\/\/aytug.co\/index.php\/wp-json\/wp\/v2\/types\/page"}],"author":[{"embeddable":true,"href":"https:\/\/aytug.co\/index.php\/wp-json\/wp\/v2\/users\/1"}],"replies":[{"embeddable":true,"href":"https:\/\/aytug.co\/index.php\/wp-json\/wp\/v2\/comments?post=3068"}],"version-history":[{"count":1,"href":"https:\/\/aytug.co\/index.php\/wp-json\/wp\/v2\/pages\/3068\/revisions"}],"predecessor-version":[{"id":3252,"href":"https:\/\/aytug.co\/index.php\/wp-json\/wp\/v2\/pages\/3068\/revisions\/3252"}],"wp:attachment":[{"href":"https:\/\/aytug.co\/index.php\/wp-json\/wp\/v2\/media?parent=3068"}],"curies":[{"name":"wp","href":"https:\/\/api.w.org\/{rel}","templated":true}]}}